{"id":17549,"date":"2026-03-30T12:44:20","date_gmt":"2026-03-30T12:44:20","guid":{"rendered":"https:\/\/dharmaraladventure.com\/?page_id=17549"},"modified":"2026-03-30T13:32:14","modified_gmt":"2026-03-30T13:32:14","slug":"utasaink","status":"publish","type":"page","link":"https:\/\/dharmaraladventure.com\/en\/utasaink\/","title":{"rendered":"Utasaink"},"content":{"rendered":"<div data-elementor-type=\"wp-page\" data-elementor-id=\"17549\" class=\"elementor elementor-17549\" data-elementor-post-type=\"page\">\n\t\t\t\t<div class=\"elementor-element elementor-element-69e10b4 elementor-cont e-flex e-con-boxed e-con e-parent\" data-id=\"69e10b4\" data-element_type=\"container\" data-e-type=\"container\" data-settings=\"{&quot;background_background&quot;:&quot;classic&quot;,&quot;jet_parallax_layout_list&quot;:[]}\">\n\t\t\t\t\t<div class=\"e-con-inner\">\n\t\t\t\t\t<\/div>\n\t\t\t\t<\/div>\n\t\t<div class=\"elementor-element elementor-element-734e3e9 elementor-cont kerdesed-van e-flex e-con-boxed e-con e-parent\" data-id=\"734e3e9\" data-element_type=\"container\" data-e-type=\"container\" data-settings=\"{&quot;jet_parallax_layout_list&quot;:[],&quot;background_background&quot;:&quot;classic&quot;}\">\n\t\t\t\t\t<div class=\"e-con-inner\">\n\t\t\t\t<div class=\"elementor-element elementor-element-cb8f923 elementor-grid-3 elementor-grid-tablet-2 elementor-grid-mobile-1 elementor-posts--thumbnail-top elementor-card-shadow-yes elementor-posts__hover-gradient elementor-widget elementor-widget-posts\" data-id=\"cb8f923\" data-element_type=\"widget\" data-e-type=\"widget\" data-settings=\"{&quot;cards_columns&quot;:&quot;3&quot;,&quot;cards_columns_tablet&quot;:&quot;2&quot;,&quot;cards_columns_mobile&quot;:&quot;1&quot;,&quot;cards_row_gap&quot;:{&quot;unit&quot;:&quot;px&quot;,&quot;size&quot;:35,&quot;sizes&quot;:[]},&quot;cards_row_gap_tablet&quot;:{&quot;unit&quot;:&quot;px&quot;,&quot;size&quot;:&quot;&quot;,&quot;sizes&quot;:[]},&quot;cards_row_gap_mobile&quot;:{&quot;unit&quot;:&quot;px&quot;,&quot;size&quot;:&quot;&quot;,&quot;sizes&quot;:[]}}\" data-widget_type=\"posts.cards\">\n\t\t\t\t<div class=\"elementor-widget-container\">\n\t\t\t\t\t\t\t<div class=\"elementor-posts-container elementor-posts elementor-posts--skin-cards elementor-grid\" role=\"list\">\n\t\t\t\t<article class=\"elementor-post elementor-grid-item post-17666 post type-post status-publish format-standard has-post-thumbnail hentry category-blog category-utasaink\" role=\"listitem\">\n\t\t\t<div class=\"elementor-post__card\">\n\t\t\t\t<a class=\"elementor-post__thumbnail__link\" href=\"https:\/\/dharmaraladventure.com\/en\/uton-velunk-reka-tortenete-26-orszag-utan\/\" tabindex=\"-1\" ><div class=\"elementor-post__thumbnail\"><img fetchpriority=\"high\" decoding=\"async\" width=\"780\" height=\"1024\" src=\"https:\/\/dharmaraladventure.com\/wp-content\/uploads\/2026\/03\/IMG_7512-780x1024.jpg\" class=\"attachment-large size-large wp-image-17668\" alt=\"\" srcset=\"https:\/\/dharmaraladventure.com\/wp-content\/uploads\/2026\/03\/IMG_7512-780x1024.jpg 780w, https:\/\/dharmaraladventure.com\/wp-content\/uploads\/2026\/03\/IMG_7512-229x300.jpg 229w, https:\/\/dharmaraladventure.com\/wp-content\/uploads\/2026\/03\/IMG_7512-768x1008.jpg 768w, https:\/\/dharmaraladventure.com\/wp-content\/uploads\/2026\/03\/IMG_7512-1170x1536.jpg 1170w, https:\/\/dharmaraladventure.com\/wp-content\/uploads\/2026\/03\/IMG_7512-9x12.jpg 9w, https:\/\/dharmaraladventure.com\/wp-content\/uploads\/2026\/03\/IMG_7512.jpg 1290w\" sizes=\"(max-width: 780px) 100vw, 780px\" \/><\/div><\/a>\n\t\t\t\t<div class=\"elementor-post__text\">\n\t\t\t\t<h3 class=\"elementor-post__title\">\n\t\t\t<a href=\"https:\/\/dharmaraladventure.com\/en\/uton-velunk-reka-tortenete-26-orszag-utan\/\" >\n\t\t\t\t\u00daTON VEL\u00dcNK \u2013 R\u00c9KA T\u00d6RT\u00c9NETE- 26 ORSZ\u00c1G UT\u00c1N\t\t\t<\/a>\n\t\t<\/h3>\n\t\t\t\t<div class=\"elementor-post__excerpt\">\n\t\t\t<p>Nem minden utaz\u00e1s a helysz\u00ednekr\u0151l sz\u00f3l. Van, amikor ink\u00e1bb arr\u00f3l, hogy mit hagysz magad m\u00f6g\u00f6tt, \u00e9s miv\u00e9 v\u00e1lsz k\u00f6zben. R\u00e9ka t\u00f6rt\u00e9nete pontosan err\u0151l mes\u00e9l.<\/p>\n\t\t<\/div>\n\t\t\n\t\t<a class=\"elementor-post__read-more\" href=\"https:\/\/dharmaraladventure.com\/en\/uton-velunk-reka-tortenete-26-orszag-utan\/\" aria-label=\"Read more about \u00daTON VEL\u00dcNK \u2013 R\u00c9KA T\u00d6RT\u00c9NETE- 26 ORSZ\u00c1G UT\u00c1N\" tabindex=\"-1\" >\n\t\t\tTov\u00e1bb \u00bb\t\t<\/a>\n\n\t\t\t\t<\/div>\n\t\t\t\t\t<\/div>\n\t\t<\/article>\n\t\t\t\t<article class=\"elementor-post elementor-grid-item post-17624 post type-post status-publish format-standard has-post-thumbnail hentry category-blog category-utasaink\" role=\"listitem\">\n\t\t\t<div class=\"elementor-post__card\">\n\t\t\t\t<a class=\"elementor-post__thumbnail__link\" href=\"https:\/\/dharmaraladventure.com\/en\/uton-velunk-laci-elmenyei-az-elvonulasainkrol\/\" tabindex=\"-1\" ><div class=\"elementor-post__thumbnail\"><img decoding=\"async\" width=\"683\" height=\"1024\" src=\"https:\/\/dharmaraladventure.com\/wp-content\/uploads\/2026\/03\/DSCF7983-683x1024.jpg\" class=\"attachment-large size-large wp-image-17628\" alt=\"\" srcset=\"https:\/\/dharmaraladventure.com\/wp-content\/uploads\/2026\/03\/DSCF7983-683x1024.jpg 683w, https:\/\/dharmaraladventure.com\/wp-content\/uploads\/2026\/03\/DSCF7983-200x300.jpg 200w, https:\/\/dharmaraladventure.com\/wp-content\/uploads\/2026\/03\/DSCF7983-768x1152.jpg 768w, https:\/\/dharmaraladventure.com\/wp-content\/uploads\/2026\/03\/DSCF7983-1024x1536.jpg 1024w, https:\/\/dharmaraladventure.com\/wp-content\/uploads\/2026\/03\/DSCF7983-1365x2048.jpg 1365w, https:\/\/dharmaraladventure.com\/wp-content\/uploads\/2026\/03\/DSCF7983-8x12.jpg 8w, https:\/\/dharmaraladventure.com\/wp-content\/uploads\/2026\/03\/DSCF7983-scaled.jpg 1707w\" sizes=\"(max-width: 683px) 100vw, 683px\" \/><\/div><\/a>\n\t\t\t\t<div class=\"elementor-post__text\">\n\t\t\t\t<h3 class=\"elementor-post__title\">\n\t\t\t<a href=\"https:\/\/dharmaraladventure.com\/en\/uton-velunk-laci-elmenyei-az-elvonulasainkrol\/\" >\n\t\t\t\t\u00daTON VEL\u00dcNK \u2013 LACI \u00c9LM\u00c9NYEI AZ ELVONUL\u00c1SAINKR\u00d3L\t\t\t<\/a>\n\t\t<\/h3>\n\t\t\t\t<div class=\"elementor-post__excerpt\">\n\t\t\t<p>Egyre t\u00f6bb f\u00e9rfi v\u00e1lasztja az elvonul\u00e1sokat, \u00e9s nem v\u00e9letlen\u00fcl.<br \/>\nMert rengeteg munka \u00e9s figyelem \u00e1r\u00e1n megtanult\u00e1k, hogy az \u00f6nismeret nem gyenges\u00e9g, hanem er\u0151. Mert amikor valaki elkezd igaz\u00e1n dolgozni mag\u00e1n, az a kapcsolataiban is megjelenik.<br \/>\nLaci t\u00f6rt\u00e9nete ennek egy nagyon tiszta p\u00e9ld\u00e1ja.<\/p>\n\t\t<\/div>\n\t\t\n\t\t<a class=\"elementor-post__read-more\" href=\"https:\/\/dharmaraladventure.com\/en\/uton-velunk-laci-elmenyei-az-elvonulasainkrol\/\" aria-label=\"Read more about \u00daTON VEL\u00dcNK \u2013 LACI \u00c9LM\u00c9NYEI AZ ELVONUL\u00c1SAINKR\u00d3L\" tabindex=\"-1\" >\n\t\t\tTov\u00e1bb \u00bb\t\t<\/a>\n\n\t\t\t\t<\/div>\n\t\t\t\t\t<\/div>\n\t\t<\/article>\n\t\t\t\t<article class=\"elementor-post elementor-grid-item post-17594 post type-post status-publish format-standard has-post-thumbnail hentry category-blog category-utasaink\" role=\"listitem\">\n\t\t\t<div class=\"elementor-post__card\">\n\t\t\t\t<a class=\"elementor-post__thumbnail__link\" href=\"https:\/\/dharmaraladventure.com\/en\/uton-velunk-dominika-elmenyei-egy-valodi-torzsutas-szemszogebol\/\" tabindex=\"-1\" ><div class=\"elementor-post__thumbnail\"><img decoding=\"async\" width=\"768\" height=\"1024\" src=\"https:\/\/dharmaraladventure.com\/wp-content\/uploads\/2026\/03\/d3d28e43-1b77-4777-bc4d-657f4fac5af2-768x1024.jpg\" class=\"attachment-large size-large wp-image-17602\" alt=\"\" srcset=\"https:\/\/dharmaraladventure.com\/wp-content\/uploads\/2026\/03\/d3d28e43-1b77-4777-bc4d-657f4fac5af2-768x1024.jpg 768w, https:\/\/dharmaraladventure.com\/wp-content\/uploads\/2026\/03\/d3d28e43-1b77-4777-bc4d-657f4fac5af2-225x300.jpg 225w, https:\/\/dharmaraladventure.com\/wp-content\/uploads\/2026\/03\/d3d28e43-1b77-4777-bc4d-657f4fac5af2-1152x1536.jpg 1152w, https:\/\/dharmaraladventure.com\/wp-content\/uploads\/2026\/03\/d3d28e43-1b77-4777-bc4d-657f4fac5af2-9x12.jpg 9w, https:\/\/dharmaraladventure.com\/wp-content\/uploads\/2026\/03\/d3d28e43-1b77-4777-bc4d-657f4fac5af2.jpg 1200w\" sizes=\"(max-width: 768px) 100vw, 768px\" \/><\/div><\/a>\n\t\t\t\t<div class=\"elementor-post__text\">\n\t\t\t\t<h3 class=\"elementor-post__title\">\n\t\t\t<a href=\"https:\/\/dharmaraladventure.com\/en\/uton-velunk-dominika-elmenyei-egy-valodi-torzsutas-szemszogebol\/\" >\n\t\t\t\t\u00daTON VEL\u00dcNK \u2013 DOMINIKA \u00c9LM\u00c9NYEI- EGY VAL\u00d3DI T\u00d6RZSUTAS SZEMSZ\u00d6G\u00c9B\u0150L\t\t\t<\/a>\n\t\t<\/h3>\n\t\t\t\t<div class=\"elementor-post__excerpt\">\n\t\t\t<p>Van, aki egyszer csatlakozik egy \u00fathoz, van, aki vissza-visszat\u00e9r, hogy \u00fajra felfedezzen valamit. Hiszen nem minden utaz\u00e1s \u00e9r v\u00e9get a hazat\u00e9r\u00e9ssel. Dominika t\u00f6rt\u00e9nete ezt mutatja meg..<\/p>\n\t\t<\/div>\n\t\t\n\t\t<a class=\"elementor-post__read-more\" href=\"https:\/\/dharmaraladventure.com\/en\/uton-velunk-dominika-elmenyei-egy-valodi-torzsutas-szemszogebol\/\" aria-label=\"Read more about \u00daTON VEL\u00dcNK \u2013 DOMINIKA \u00c9LM\u00c9NYEI- EGY VAL\u00d3DI T\u00d6RZSUTAS SZEMSZ\u00d6G\u00c9B\u0150L\" tabindex=\"-1\" >\n\t\t\tTov\u00e1bb \u00bb\t\t<\/a>\n\n\t\t\t\t<\/div>\n\t\t\t\t\t<\/div>\n\t\t<\/article>\n\t\t\t\t<article class=\"elementor-post elementor-grid-item post-17565 post type-post status-publish format-standard has-post-thumbnail hentry category-blog category-utasaink\" role=\"listitem\">\n\t\t\t<div class=\"elementor-post__card\">\n\t\t\t\t<a class=\"elementor-post__thumbnail__link\" href=\"https:\/\/dharmaraladventure.com\/en\/uton-velunk-balazs-elmenyei-marokkoi-taborunkbol\/\" tabindex=\"-1\" ><div class=\"elementor-post__thumbnail\"><img loading=\"lazy\" decoding=\"async\" width=\"683\" height=\"1024\" src=\"https:\/\/dharmaraladventure.com\/wp-content\/uploads\/2026\/03\/DSCF7973-683x1024.jpg\" class=\"attachment-large size-large wp-image-17570\" alt=\"\" srcset=\"https:\/\/dharmaraladventure.com\/wp-content\/uploads\/2026\/03\/DSCF7973-683x1024.jpg 683w, https:\/\/dharmaraladventure.com\/wp-content\/uploads\/2026\/03\/DSCF7973-200x300.jpg 200w, https:\/\/dharmaraladventure.com\/wp-content\/uploads\/2026\/03\/DSCF7973-768x1152.jpg 768w, https:\/\/dharmaraladventure.com\/wp-content\/uploads\/2026\/03\/DSCF7973-1024x1536.jpg 1024w, https:\/\/dharmaraladventure.com\/wp-content\/uploads\/2026\/03\/DSCF7973-1365x2048.jpg 1365w, https:\/\/dharmaraladventure.com\/wp-content\/uploads\/2026\/03\/DSCF7973-8x12.jpg 8w, https:\/\/dharmaraladventure.com\/wp-content\/uploads\/2026\/03\/DSCF7973-scaled.jpg 1707w\" sizes=\"(max-width: 683px) 100vw, 683px\" \/><\/div><\/a>\n\t\t\t\t<div class=\"elementor-post__text\">\n\t\t\t\t<h3 class=\"elementor-post__title\">\n\t\t\t<a href=\"https:\/\/dharmaraladventure.com\/en\/uton-velunk-balazs-elmenyei-marokkoi-taborunkbol\/\" >\n\t\t\t\t\u00daTON VEL\u00dcNK \u2013 BAL\u00c1ZS \u00c9LM\u00c9NYEI MAROKK\u00d3I T\u00c1BORUNKB\u00d3L\t\t\t<\/a>\n\t\t<\/h3>\n\t\t\t\t<div class=\"elementor-post__excerpt\">\n\t\t\t<p>N\u00e9ha egy utaz\u00e1s nemcsak helyeket mutat meg, hanem embereket is, eg\u00e9szen \u00faj f\u00e9nyben.<br \/>\nOlyan t\u00f6rt\u00e9neteket, amelyek eml\u00e9keztetnek arra, hogy b\u00e1rmikor \u00faj ir\u00e1nyba indulhatsz.<br \/>\nBal\u00e1zs t\u00f6rt\u00e9nete pontosan ilyen.<\/p>\n\t\t<\/div>\n\t\t\n\t\t<a class=\"elementor-post__read-more\" href=\"https:\/\/dharmaraladventure.com\/en\/uton-velunk-balazs-elmenyei-marokkoi-taborunkbol\/\" aria-label=\"Read more about \u00daTON VEL\u00dcNK \u2013 BAL\u00c1ZS \u00c9LM\u00c9NYEI MAROKK\u00d3I T\u00c1BORUNKB\u00d3L\" tabindex=\"-1\" >\n\t\t\tTov\u00e1bb \u00bb\t\t<\/a>\n\n\t\t\t\t<\/div>\n\t\t\t\t\t<\/div>\n\t\t<\/article>\n\t\t\t\t<article class=\"elementor-post elementor-grid-item post-17501 post type-post status-publish format-standard has-post-thumbnail hentry category-blog category-utasaink\" role=\"listitem\">\n\t\t\t<div class=\"elementor-post__card\">\n\t\t\t\t<a class=\"elementor-post__thumbnail__link\" href=\"https:\/\/dharmaraladventure.com\/en\/uton-velunk-fruzsi-elmenyei-a-taborainkbol\/\" tabindex=\"-1\" ><div class=\"elementor-post__thumbnail\"><img loading=\"lazy\" decoding=\"async\" width=\"800\" height=\"561\" src=\"https:\/\/dharmaraladventure.com\/wp-content\/uploads\/2026\/03\/IMG_2728-scaled-e1774855867530-1024x718.jpeg\" class=\"attachment-large size-large wp-image-17503\" alt=\"\" srcset=\"https:\/\/dharmaraladventure.com\/wp-content\/uploads\/2026\/03\/IMG_2728-scaled-e1774855867530-1024x718.jpeg 1024w, https:\/\/dharmaraladventure.com\/wp-content\/uploads\/2026\/03\/IMG_2728-scaled-e1774855867530-300x210.jpeg 300w, https:\/\/dharmaraladventure.com\/wp-content\/uploads\/2026\/03\/IMG_2728-scaled-e1774855867530-768x539.jpeg 768w, https:\/\/dharmaraladventure.com\/wp-content\/uploads\/2026\/03\/IMG_2728-scaled-e1774855867530-1536x1077.jpeg 1536w, https:\/\/dharmaraladventure.com\/wp-content\/uploads\/2026\/03\/IMG_2728-scaled-e1774855867530-18x12.jpeg 18w, https:\/\/dharmaraladventure.com\/wp-content\/uploads\/2026\/03\/IMG_2728-scaled-e1774855867530.jpeg 1916w\" sizes=\"(max-width: 800px) 100vw, 800px\" \/><\/div><\/a>\n\t\t\t\t<div class=\"elementor-post__text\">\n\t\t\t\t<h3 class=\"elementor-post__title\">\n\t\t\t<a href=\"https:\/\/dharmaraladventure.com\/en\/uton-velunk-fruzsi-elmenyei-a-taborainkbol\/\" >\n\t\t\t\t\u00daTON VEL\u00dcNK \u2013 FRUZSI \u00c9LM\u00c9NYEI A T\u00c1BORAINKB\u00d3L\t\t\t<\/a>\n\t\t<\/h3>\n\t\t\t\t<div class=\"elementor-post__excerpt\">\n\t\t\t<p>Van, hogy egy apr\u00f3 d\u00f6nt\u00e9s el\u00e9g ahhoz, hogy minden megv\u00e1ltozzon.<br \/>\nFruzsi egy ilyen pillanatban mondott igent az \u00fatra, \u00e9s v\u00e9g\u00fcl nemcsak \u00e9lm\u00e9nyekkel, hanem egy teljesen \u00faj ir\u00e1nnyal t\u00e9rt haza.<br \/>\nEz az \u0151 t\u00f6rt\u00e9nete.<\/p>\n\t\t<\/div>\n\t\t\n\t\t<a class=\"elementor-post__read-more\" href=\"https:\/\/dharmaraladventure.com\/en\/uton-velunk-fruzsi-elmenyei-a-taborainkbol\/\" aria-label=\"Read more about \u00daTON VEL\u00dcNK \u2013 FRUZSI \u00c9LM\u00c9NYEI A T\u00c1BORAINKB\u00d3L\" tabindex=\"-1\" >\n\t\t\tTov\u00e1bb \u00bb\t\t<\/a>\n\n\t\t\t\t<\/div>\n\t\t\t\t\t<\/div>\n\t\t<\/article>\n\t\t\t\t<\/div>\n\t\t\n\t\t\t\t\t\t<\/div>\n\t\t\t\t<\/div>\n\t\t\t\t\t<\/div>\n\t\t\t\t<\/div>\n\t\t\t\t<\/div>","protected":false},"excerpt":{"rendered":"","protected":false},"author":1,"featured_media":0,"parent":0,"menu_order":0,"comment_status":"closed","ping_status":"closed","template":"elementor_header_footer","meta":{"footnotes":""},"class_list":["post-17549","page","type-page","status-publish","hentry"],"yoast_head":"<!-- This site is optimized with the Yoast SEO plugin v27.3 - https:\/\/yoast.com\/product\/yoast-seo-wordpress\/ -->\n<title>Utasaink - Dharmaral Adventure<\/title>\n<meta name=\"robots\" content=\"index, follow, max-snippet:-1, max-image-preview:large, max-video-preview:-1\" \/>\n<link rel=\"canonical\" href=\"https:\/\/dharmaraladventure.com\/en\/utasaink\/\" \/>\n<meta property=\"og:locale\" content=\"en_US\" \/>\n<meta property=\"og:type\" content=\"article\" \/>\n<meta property=\"og:title\" content=\"Utasaink - Dharmaral Adventure\" \/>\n<meta property=\"og:url\" content=\"https:\/\/dharmaraladventure.com\/en\/utasaink\/\" \/>\n<meta property=\"og:site_name\" content=\"Dharmaral Adventure\" \/>\n<meta property=\"article:modified_time\" content=\"2026-03-30T13:32:14+00:00\" \/>\n<meta name=\"twitter:card\" content=\"summary_large_image\" \/>\n<meta name=\"twitter:label1\" content=\"Est. reading time\" \/>\n\t<meta name=\"twitter:data1\" content=\"1 minute\" \/>\n<script type=\"application\/ld+json\" class=\"yoast-schema-graph\">{\"@context\":\"https:\\\/\\\/schema.org\",\"@graph\":[{\"@type\":\"WebPage\",\"@id\":\"https:\\\/\\\/dharmaraladventure.com\\\/utasaink\\\/\",\"url\":\"https:\\\/\\\/dharmaraladventure.com\\\/utasaink\\\/\",\"name\":\"Utasaink - Dharmaral Adventure\",\"isPartOf\":{\"@id\":\"https:\\\/\\\/dharmaraladventure.com\\\/#website\"},\"datePublished\":\"2026-03-30T12:44:20+00:00\",\"dateModified\":\"2026-03-30T13:32:14+00:00\",\"breadcrumb\":{\"@id\":\"https:\\\/\\\/dharmaraladventure.com\\\/utasaink\\\/#breadcrumb\"},\"inLanguage\":\"en-US\",\"potentialAction\":[{\"@type\":\"ReadAction\",\"target\":[\"https:\\\/\\\/dharmaraladventure.com\\\/utasaink\\\/\"]}]},{\"@type\":\"BreadcrumbList\",\"@id\":\"https:\\\/\\\/dharmaraladventure.com\\\/utasaink\\\/#breadcrumb\",\"itemListElement\":[{\"@type\":\"ListItem\",\"position\":1,\"name\":\"Kezd\u0151lap\",\"item\":\"https:\\\/\\\/dharmaraladventure.com\\\/\"},{\"@type\":\"ListItem\",\"position\":2,\"name\":\"Utasaink\"}]},{\"@type\":\"WebSite\",\"@id\":\"https:\\\/\\\/dharmaraladventure.com\\\/#website\",\"url\":\"https:\\\/\\\/dharmaraladventure.com\\\/\",\"name\":\"Dharmaral Adventure\",\"description\":\"Dharmaral  Adventure\",\"potentialAction\":[{\"@type\":\"SearchAction\",\"target\":{\"@type\":\"EntryPoint\",\"urlTemplate\":\"https:\\\/\\\/dharmaraladventure.com\\\/?s={search_term_string}\"},\"query-input\":{\"@type\":\"PropertyValueSpecification\",\"valueRequired\":true,\"valueName\":\"search_term_string\"}}],\"inLanguage\":\"en-US\"}]}<\/script>\n<!-- \/ Yoast SEO plugin. -->","yoast_head_json":{"title":"Utasaink - Dharmaral Adventure","robots":{"index":"index","follow":"follow","max-snippet":"max-snippet:-1","max-image-preview":"max-image-preview:large","max-video-preview":"max-video-preview:-1"},"canonical":"https:\/\/dharmaraladventure.com\/en\/utasaink\/","og_locale":"en_US","og_type":"article","og_title":"Utasaink - Dharmaral Adventure","og_url":"https:\/\/dharmaraladventure.com\/en\/utasaink\/","og_site_name":"Dharmaral Adventure","article_modified_time":"2026-03-30T13:32:14+00:00","twitter_card":"summary_large_image","twitter_misc":{"Est. reading time":"1 minute"},"schema":{"@context":"https:\/\/schema.org","@graph":[{"@type":"WebPage","@id":"https:\/\/dharmaraladventure.com\/utasaink\/","url":"https:\/\/dharmaraladventure.com\/utasaink\/","name":"Utasaink - Dharmaral Adventure","isPartOf":{"@id":"https:\/\/dharmaraladventure.com\/#website"},"datePublished":"2026-03-30T12:44:20+00:00","dateModified":"2026-03-30T13:32:14+00:00","breadcrumb":{"@id":"https:\/\/dharmaraladventure.com\/utasaink\/#breadcrumb"},"inLanguage":"en-US","potentialAction":[{"@type":"ReadAction","target":["https:\/\/dharmaraladventure.com\/utasaink\/"]}]},{"@type":"BreadcrumbList","@id":"https:\/\/dharmaraladventure.com\/utasaink\/#breadcrumb","itemListElement":[{"@type":"ListItem","position":1,"name":"Kezd\u0151lap","item":"https:\/\/dharmaraladventure.com\/"},{"@type":"ListItem","position":2,"name":"Utasaink"}]},{"@type":"WebSite","@id":"https:\/\/dharmaraladventure.com\/#website","url":"https:\/\/dharmaraladventure.com\/","name":"Dharmaral Adventure","description":"Dharmaral Adventure","potentialAction":[{"@type":"SearchAction","target":{"@type":"EntryPoint","urlTemplate":"https:\/\/dharmaraladventure.com\/?s={search_term_string}"},"query-input":{"@type":"PropertyValueSpecification","valueRequired":true,"valueName":"search_term_string"}}],"inLanguage":"en-US"}]}},"_links":{"self":[{"href":"https:\/\/dharmaraladventure.com\/en\/wp-json\/wp\/v2\/pages\/17549","targetHints":{"allow":["GET"]}}],"collection":[{"href":"https:\/\/dharmaraladventure.com\/en\/wp-json\/wp\/v2\/pages"}],"about":[{"href":"https:\/\/dharmaraladventure.com\/en\/wp-json\/wp\/v2\/types\/page"}],"author":[{"embeddable":true,"href":"https:\/\/dharmaraladventure.com\/en\/wp-json\/wp\/v2\/users\/1"}],"replies":[{"embeddable":true,"href":"https:\/\/dharmaraladventure.com\/en\/wp-json\/wp\/v2\/comments?post=17549"}],"version-history":[{"count":16,"href":"https:\/\/dharmaraladventure.com\/en\/wp-json\/wp\/v2\/pages\/17549\/revisions"}],"predecessor-version":[{"id":17569,"href":"https:\/\/dharmaraladventure.com\/en\/wp-json\/wp\/v2\/pages\/17549\/revisions\/17569"}],"wp:attachment":[{"href":"https:\/\/dharmaraladventure.com\/en\/wp-json\/wp\/v2\/media?parent=17549"}],"curies":[{"name":"wp","href":"https:\/\/api.w.org\/{rel}","templated":true}]}}