{"id":17701,"date":"2026-04-03T12:05:59","date_gmt":"2026-04-03T12:05:59","guid":{"rendered":"https:\/\/dharmaraladventure.com\/?page_id=17701"},"modified":"2026-04-11T11:46:55","modified_gmt":"2026-04-11T11:46:55","slug":"joga-orak","status":"publish","type":"page","link":"https:\/\/dharmaraladventure.com\/en\/joga-orak\/","title":{"rendered":"J\u00d3GA\u00d3R\u00c1K"},"content":{"rendered":"<div data-elementor-type=\"wp-page\" data-elementor-id=\"17701\" class=\"elementor elementor-17701\" data-elementor-post-type=\"page\">\n\t\t\t\t<div class=\"elementor-element elementor-element-69e10b4 elementor-cont e-flex e-con-boxed e-con e-parent\" data-id=\"69e10b4\" data-element_type=\"container\" data-e-type=\"container\" data-settings=\"{&quot;background_background&quot;:&quot;classic&quot;,&quot;jet_parallax_layout_list&quot;:[]}\">\n\t\t\t\t\t<div class=\"e-con-inner\">\n\t\t\t\t\t<\/div>\n\t\t\t\t<\/div>\n\t\t<div class=\"elementor-element elementor-element-370f213 e-flex e-con-boxed e-con e-parent\" data-id=\"370f213\" data-element_type=\"container\" data-e-type=\"container\" data-settings=\"{&quot;jet_parallax_layout_list&quot;:[]}\">\n\t\t\t\t\t<div class=\"e-con-inner\">\n\t\t\t\t<div class=\"elementor-element elementor-element-7d4614f elementor-widget elementor-widget-jet-timeline\" data-id=\"7d4614f\" data-element_type=\"widget\" data-e-type=\"widget\" data-widget_type=\"jet-timeline.default\">\n\t\t\t\t<div class=\"elementor-widget-container\">\n\t\t\t\t\t<div class=\"elementor-jet-timeline jet-elements\"><div class=\"jet-timeline jet-timeline--align-center jet-timeline--align-middle\">\n\t<div class=\"jet-timeline__line\"><div class=\"jet-timeline__line-progress\"><\/div><\/div>\n\t<div class=\"jet-timeline-list\"><div class=\"jet-timeline-item  elementor-repeater-item-ad56521 jet-timeline-item--image-inside\">\n\t<div class=\"timeline-item__card\">\n\t\t<div class=\"timeline-item__card-inner\">\n\t\t\t\t\t\t\t\t<div class=\"timeline-item__card-content\">\n\t\t\t\t\t<div class=\"timeline-item__meta\"><div class=\"timeline-item__meta-content\">2026. \u00c1PRILIS 19. (VAS\u00c1RNAP)<\/div><\/div><h5 class=\"timeline-item__card-title\">NEW MOON ENERGY FLOW<\/h5><div class=\"timeline-item__card-desc\"><p data-start=\"174\" data-end=\"252\"><em>Egy l\u00e1gy, m\u00e9gis m\u00e9ly gyakorl\u00e1s az \u00fajhold energi\u00e1j\u00e1ban.<\/em><br data-start=\"127\" data-end=\"130\" \/><em>Hatha flow \u00e9s hangt\u00e1l rezg\u00e9sek seg\u00edtenek lecsendesedni \u00e9s \u00faj ir\u00e1nyt nyitni.<\/em><\/p><p><img decoding=\"async\" class=\"emoji\" role=\"img\" draggable=\"false\" src=\"https:\/\/s.w.org\/images\/core\/emoji\/17.0.2\/svg\/1f4cd.svg\" alt=\"\ud83d\udccd\" \/> Location:<br data-start=\"186\" data-end=\"189\" \/>Red Moon \u2013 Big Room<br data-start=\"208\" data-end=\"211\" \/>(1052 Budapest, B\u00e9csi utca 1., f\u00e9lemelet)<\/p><p data-start=\"254\" data-end=\"333\"><img decoding=\"async\" class=\"emoji\" role=\"img\" draggable=\"false\" src=\"https:\/\/s.w.org\/images\/core\/emoji\/17.0.2\/svg\/1f5d3.svg\" alt=\"\ud83d\uddd3\" \/> Id\u0151pont:<br data-start=\"265\" data-end=\"268\" \/>2026. \u00e1prilis 19.<br data-start=\"285\" data-end=\"288\" \/>16:00\u201318:00<br data-start=\"299\" data-end=\"302\" \/>(\u00e9rkez\u00e9s: 16:00, kezd\u00e9s: 16:15)<\/p><p data-start=\"122\" data-end=\"234\">EL\u00c9RHET\u0150 HELYEK: 10 F\u0150<\/p><p data-start=\"241\" data-end=\"318\">\u00a0<\/p><\/div>\t\t\t\t<\/div>\n\t\t\t\t\t\t<\/div>\n\t\t<div class=\"timeline-item__card-arrow\"><\/div>\n\t<\/div>\n\t<div class=\"timeline-item__point\"><div class=\"timeline-item__point-content timeline-item__point-content--icon\"><span class=\"jet-elements-icon\"><i aria-hidden=\"true\" class=\"fas fa-calendar-alt\"><\/i><\/span><\/div><\/div><div class=\"timeline-item__meta\"><div class=\"timeline-item__meta-content\">2026. \u00c1PRILIS 19. (VAS\u00c1RNAP)<\/div><\/div><\/div><div class=\"jet-timeline-item  elementor-repeater-item-6460fd3 jet-timeline-item--image-inside\">\n\t<div class=\"timeline-item__card\">\n\t\t<div class=\"timeline-item__card-inner\">\n\t\t\t\t\t\t\t\t<div class=\"timeline-item__card-content\">\n\t\t\t\t\t<div class=\"timeline-item__meta\"><div class=\"timeline-item__meta-content\">2026. M\u00c1JUS 10. (VAS\u00c1RNAP)<\/div><\/div><h5 class=\"timeline-item__card-title\">Sv\u0101dhy\u0101ya \u2013 az \u00f6nmegfigyel\u00e9s gyakorlata<\/h5><div class=\"timeline-item__card-desc\"><p><em>Lass\u00fa hatha j\u00f3ga, ahol nem siet\u00fcnk, hanem meg\u00e9rkez\u00fcnk.<\/em><br data-start=\"377\" data-end=\"380\" \/><em>A gyakorl\u00e1st m\u00e9ly medit\u00e1ci\u00f3 k\u00eds\u00e9ri, amely seg\u00edt befel\u00e9 fordulni.<\/em><br data-start=\"444\" data-end=\"447\" \/><em>Minden \u00e1szana egy lehet\u0151s\u00e9g arra, hogy meghalld a saj\u00e1t v\u00e1laszaidat.<br \/><\/em><\/p><p><img decoding=\"async\" class=\"emoji\" role=\"img\" draggable=\"false\" src=\"https:\/\/s.w.org\/images\/core\/emoji\/17.0.2\/svg\/1f4cd.svg\" alt=\"\ud83d\udccd\" \/> Location:<br data-start=\"186\" data-end=\"189\" \/>Red Moon \u2013 Big Room<br data-start=\"208\" data-end=\"211\" \/>(1052 Budapest, B\u00e9csi utca 1., f\u00e9lemelet)<\/p><p data-start=\"254\" data-end=\"333\"><img decoding=\"async\" class=\"emoji\" role=\"img\" draggable=\"false\" src=\"https:\/\/s.w.org\/images\/core\/emoji\/17.0.2\/svg\/1f5d3.svg\" alt=\"\ud83d\uddd3\" \/> Id\u0151pont:<br data-start=\"265\" data-end=\"268\" \/>2026. m\u00e1jus 10.<br data-start=\"285\" data-end=\"288\" \/>16:00\u201318:00<br data-start=\"299\" data-end=\"302\" \/>(\u00e9rkez\u00e9s: 16:00, kezd\u00e9s: 16:15)<\/p><p data-start=\"122\" data-end=\"234\">EL\u00c9RHET\u0150 HELYEK: 10 F\u0150<\/p><p data-start=\"241\" data-end=\"318\">\u00a0<\/p><\/div>\t\t\t\t<\/div>\n\t\t\t\t\t\t<\/div>\n\t\t<div class=\"timeline-item__card-arrow\"><\/div>\n\t<\/div>\n\t<div class=\"timeline-item__point\"><div class=\"timeline-item__point-content timeline-item__point-content--icon\"><span class=\"jet-elements-icon\"><i aria-hidden=\"true\" class=\"fas fa-calendar-alt\"><\/i><\/span><\/div><\/div><div class=\"timeline-item__meta\"><div class=\"timeline-item__meta-content\">2026. M\u00c1JUS 10. (VAS\u00c1RNAP)<\/div><\/div><\/div><\/div><\/div><\/div>\t\t\t\t<\/div>\n\t\t\t\t<\/div>\n\t\t\t\t\t<\/div>\n\t\t\t\t<\/div>\n\t\t<div class=\"elementor-element elementor-element-0c97f3b e-flex e-con-boxed e-con e-parent\" data-id=\"0c97f3b\" data-element_type=\"container\" data-e-type=\"container\" data-settings=\"{&quot;jet_parallax_layout_list&quot;:[]}\">\n\t\t\t\t\t<div class=\"e-con-inner\">\n\t\t\t\t<div class=\"elementor-element elementor-element-d67b55b elementor-align-center elementor-widget elementor-widget-button\" data-id=\"d67b55b\" data-element_type=\"widget\" data-e-type=\"widget\" data-widget_type=\"button.default\">\n\t\t\t\t<div class=\"elementor-widget-container\">\n\t\t\t\t\t\t\t\t\t<div class=\"elementor-button-wrapper\">\n\t\t\t\t\t<a class=\"elementor-button elementor-button-link elementor-size-sm\" href=\"https:\/\/docs.google.com\/forms\/d\/e\/1FAIpQLSctwlo9VuC7v8OPBi8HgLRLux4J6884d4o-dnloDT1M2myD-A\/viewform?usp=publish-editor\">\n\t\t\t\t\t\t<span class=\"elementor-button-content-wrapper\">\n\t\t\t\t\t\t\t\t\t<span class=\"elementor-button-text\">JELENTKEZEM!<\/span>\n\t\t\t\t\t<\/span>\n\t\t\t\t\t<\/a>\n\t\t\t\t<\/div>\n\t\t\t\t\t\t\t\t<\/div>\n\t\t\t\t<\/div>\n\t\t\t\t\t<\/div>\n\t\t\t\t<\/div>\n\t\t<div class=\"elementor-element elementor-element-f4d55b0 e-flex e-con-boxed e-con e-parent\" data-id=\"f4d55b0\" data-element_type=\"container\" data-e-type=\"container\" data-settings=\"{&quot;jet_parallax_layout_list&quot;:[]}\">\n\t\t\t\t\t<div class=\"e-con-inner\">\n\t\t\t\t<div class=\"elementor-element elementor-element-791c82c elementor-widget elementor-widget-image\" data-id=\"791c82c\" data-element_type=\"widget\" data-e-type=\"widget\" data-widget_type=\"image.default\">\n\t\t\t\t<div class=\"elementor-widget-container\">\n\t\t\t\t\t\t\t\t\t\t\t\t\t\t\t<img fetchpriority=\"high\" decoding=\"async\" width=\"1089\" height=\"1068\" src=\"https:\/\/dharmaraladventure.com\/wp-content\/uploads\/2026\/03\/IMG_7611.jpg\" class=\"attachment-full size-full wp-image-17696\" alt=\"\" srcset=\"https:\/\/dharmaraladventure.com\/wp-content\/uploads\/2026\/03\/IMG_7611.jpg 1089w, https:\/\/dharmaraladventure.com\/wp-content\/uploads\/2026\/03\/IMG_7611-300x294.jpg 300w, https:\/\/dharmaraladventure.com\/wp-content\/uploads\/2026\/03\/IMG_7611-1024x1004.jpg 1024w, https:\/\/dharmaraladventure.com\/wp-content\/uploads\/2026\/03\/IMG_7611-768x753.jpg 768w, https:\/\/dharmaraladventure.com\/wp-content\/uploads\/2026\/03\/IMG_7611-12x12.jpg 12w\" sizes=\"(max-width: 1089px) 100vw, 1089px\" \/>\t\t\t\t\t\t\t\t\t\t\t\t\t\t\t<\/div>\n\t\t\t\t<\/div>\n\t\t\t\t\t<\/div>\n\t\t\t\t<\/div>\n\t\t\t\t<\/div>","protected":false},"excerpt":{"rendered":"<p>2026. \u00c1PRILIS 19. (VAS\u00c1RNAP) NEW MOON ENERGY FLOW Egy l\u00e1gy, m\u00e9gis m\u00e9ly gyakorl\u00e1s az \u00fajhold energi\u00e1j\u00e1ban.Hatha flow \u00e9s hangt\u00e1l rezg\u00e9sek seg\u00edtenek lecsendesedni \u00e9s \u00faj ir\u00e1nyt nyitni. Helysz\u00edn:Red Moon \u2013 Big [&hellip;]<\/p>\n","protected":false},"author":3,"featured_media":0,"parent":0,"menu_order":0,"comment_status":"closed","ping_status":"closed","template":"elementor_header_footer","meta":{"footnotes":""},"class_list":["post-17701","page","type-page","status-publish","hentry"],"yoast_head":"<!-- This site is optimized with the Yoast SEO plugin v27.3 - https:\/\/yoast.com\/product\/yoast-seo-wordpress\/ -->\n<title>J\u00d3GA\u00d3R\u00c1K - Dharmaral Adventure<\/title>\n<meta name=\"robots\" content=\"index, follow, max-snippet:-1, max-image-preview:large, max-video-preview:-1\" \/>\n<link rel=\"canonical\" href=\"https:\/\/dharmaraladventure.com\/en\/joga-orak\/\" \/>\n<meta property=\"og:locale\" content=\"en_US\" \/>\n<meta property=\"og:type\" content=\"article\" \/>\n<meta property=\"og:title\" content=\"J\u00d3GA\u00d3R\u00c1K - Dharmaral Adventure\" \/>\n<meta property=\"og:description\" content=\"2026. \u00c1PRILIS 19. (VAS\u00c1RNAP) NEW MOON ENERGY FLOW Egy l\u00e1gy, m\u00e9gis m\u00e9ly gyakorl\u00e1s az \u00fajhold energi\u00e1j\u00e1ban.Hatha flow \u00e9s hangt\u00e1l rezg\u00e9sek seg\u00edtenek lecsendesedni \u00e9s \u00faj ir\u00e1nyt nyitni. Helysz\u00edn:Red Moon \u2013 Big [&hellip;]\" \/>\n<meta property=\"og:url\" content=\"https:\/\/dharmaraladventure.com\/en\/joga-orak\/\" \/>\n<meta property=\"og:site_name\" content=\"Dharmaral Adventure\" \/>\n<meta property=\"article:modified_time\" content=\"2026-04-11T11:46:55+00:00\" \/>\n<meta property=\"og:image\" content=\"https:\/\/s.w.org\/images\/core\/emoji\/17.0.2\/svg\/1f4cd.svg\" \/>\n<meta name=\"twitter:card\" content=\"summary_large_image\" \/>\n<meta name=\"twitter:label1\" content=\"Est. reading time\" \/>\n\t<meta name=\"twitter:data1\" content=\"3 minutes\" \/>\n<script type=\"application\/ld+json\" class=\"yoast-schema-graph\">{\"@context\":\"https:\\\/\\\/schema.org\",\"@graph\":[{\"@type\":\"WebPage\",\"@id\":\"https:\\\/\\\/dharmaraladventure.com\\\/joga-orak\\\/\",\"url\":\"https:\\\/\\\/dharmaraladventure.com\\\/joga-orak\\\/\",\"name\":\"J\u00d3GA\u00d3R\u00c1K - Dharmaral Adventure\",\"isPartOf\":{\"@id\":\"https:\\\/\\\/dharmaraladventure.com\\\/#website\"},\"primaryImageOfPage\":{\"@id\":\"https:\\\/\\\/dharmaraladventure.com\\\/joga-orak\\\/#primaryimage\"},\"image\":{\"@id\":\"https:\\\/\\\/dharmaraladventure.com\\\/joga-orak\\\/#primaryimage\"},\"thumbnailUrl\":\"https:\\\/\\\/s.w.org\\\/images\\\/core\\\/emoji\\\/17.0.2\\\/svg\\\/1f4cd.svg\",\"datePublished\":\"2026-04-03T12:05:59+00:00\",\"dateModified\":\"2026-04-11T11:46:55+00:00\",\"breadcrumb\":{\"@id\":\"https:\\\/\\\/dharmaraladventure.com\\\/joga-orak\\\/#breadcrumb\"},\"inLanguage\":\"en-US\",\"potentialAction\":[{\"@type\":\"ReadAction\",\"target\":[\"https:\\\/\\\/dharmaraladventure.com\\\/joga-orak\\\/\"]}]},{\"@type\":\"ImageObject\",\"inLanguage\":\"en-US\",\"@id\":\"https:\\\/\\\/dharmaraladventure.com\\\/joga-orak\\\/#primaryimage\",\"url\":\"https:\\\/\\\/s.w.org\\\/images\\\/core\\\/emoji\\\/17.0.2\\\/svg\\\/1f4cd.svg\",\"contentUrl\":\"https:\\\/\\\/s.w.org\\\/images\\\/core\\\/emoji\\\/17.0.2\\\/svg\\\/1f4cd.svg\"},{\"@type\":\"BreadcrumbList\",\"@id\":\"https:\\\/\\\/dharmaraladventure.com\\\/joga-orak\\\/#breadcrumb\",\"itemListElement\":[{\"@type\":\"ListItem\",\"position\":1,\"name\":\"Kezd\u0151lap\",\"item\":\"https:\\\/\\\/dharmaraladventure.com\\\/\"},{\"@type\":\"ListItem\",\"position\":2,\"name\":\"J\u00d3GA\u00d3R\u00c1K\"}]},{\"@type\":\"WebSite\",\"@id\":\"https:\\\/\\\/dharmaraladventure.com\\\/#website\",\"url\":\"https:\\\/\\\/dharmaraladventure.com\\\/\",\"name\":\"Dharmaral Adventure\",\"description\":\"Dharmaral  Adventure\",\"potentialAction\":[{\"@type\":\"SearchAction\",\"target\":{\"@type\":\"EntryPoint\",\"urlTemplate\":\"https:\\\/\\\/dharmaraladventure.com\\\/?s={search_term_string}\"},\"query-input\":{\"@type\":\"PropertyValueSpecification\",\"valueRequired\":true,\"valueName\":\"search_term_string\"}}],\"inLanguage\":\"en-US\"}]}<\/script>\n<!-- \/ Yoast SEO plugin. -->","yoast_head_json":{"title":"J\u00d3GA\u00d3R\u00c1K - Dharmaral Adventure","robots":{"index":"index","follow":"follow","max-snippet":"max-snippet:-1","max-image-preview":"max-image-preview:large","max-video-preview":"max-video-preview:-1"},"canonical":"https:\/\/dharmaraladventure.com\/en\/joga-orak\/","og_locale":"en_US","og_type":"article","og_title":"J\u00d3GA\u00d3R\u00c1K - Dharmaral Adventure","og_description":"2026. \u00c1PRILIS 19. (VAS\u00c1RNAP) NEW MOON ENERGY FLOW Egy l\u00e1gy, m\u00e9gis m\u00e9ly gyakorl\u00e1s az \u00fajhold energi\u00e1j\u00e1ban.Hatha flow \u00e9s hangt\u00e1l rezg\u00e9sek seg\u00edtenek lecsendesedni \u00e9s \u00faj ir\u00e1nyt nyitni. Helysz\u00edn:Red Moon \u2013 Big [&hellip;]","og_url":"https:\/\/dharmaraladventure.com\/en\/joga-orak\/","og_site_name":"Dharmaral Adventure","article_modified_time":"2026-04-11T11:46:55+00:00","og_image":[{"url":"https:\/\/s.w.org\/images\/core\/emoji\/17.0.2\/svg\/1f4cd.svg","type":"","width":"","height":""}],"twitter_card":"summary_large_image","twitter_misc":{"Est. reading time":"3 minutes"},"schema":{"@context":"https:\/\/schema.org","@graph":[{"@type":"WebPage","@id":"https:\/\/dharmaraladventure.com\/joga-orak\/","url":"https:\/\/dharmaraladventure.com\/joga-orak\/","name":"J\u00d3GA\u00d3R\u00c1K - Dharmaral Adventure","isPartOf":{"@id":"https:\/\/dharmaraladventure.com\/#website"},"primaryImageOfPage":{"@id":"https:\/\/dharmaraladventure.com\/joga-orak\/#primaryimage"},"image":{"@id":"https:\/\/dharmaraladventure.com\/joga-orak\/#primaryimage"},"thumbnailUrl":"https:\/\/s.w.org\/images\/core\/emoji\/17.0.2\/svg\/1f4cd.svg","datePublished":"2026-04-03T12:05:59+00:00","dateModified":"2026-04-11T11:46:55+00:00","breadcrumb":{"@id":"https:\/\/dharmaraladventure.com\/joga-orak\/#breadcrumb"},"inLanguage":"en-US","potentialAction":[{"@type":"ReadAction","target":["https:\/\/dharmaraladventure.com\/joga-orak\/"]}]},{"@type":"ImageObject","inLanguage":"en-US","@id":"https:\/\/dharmaraladventure.com\/joga-orak\/#primaryimage","url":"https:\/\/s.w.org\/images\/core\/emoji\/17.0.2\/svg\/1f4cd.svg","contentUrl":"https:\/\/s.w.org\/images\/core\/emoji\/17.0.2\/svg\/1f4cd.svg"},{"@type":"BreadcrumbList","@id":"https:\/\/dharmaraladventure.com\/joga-orak\/#breadcrumb","itemListElement":[{"@type":"ListItem","position":1,"name":"Kezd\u0151lap","item":"https:\/\/dharmaraladventure.com\/"},{"@type":"ListItem","position":2,"name":"J\u00d3GA\u00d3R\u00c1K"}]},{"@type":"WebSite","@id":"https:\/\/dharmaraladventure.com\/#website","url":"https:\/\/dharmaraladventure.com\/","name":"Dharmaral Adventure","description":"Dharmaral Adventure","potentialAction":[{"@type":"SearchAction","target":{"@type":"EntryPoint","urlTemplate":"https:\/\/dharmaraladventure.com\/?s={search_term_string}"},"query-input":{"@type":"PropertyValueSpecification","valueRequired":true,"valueName":"search_term_string"}}],"inLanguage":"en-US"}]}},"_links":{"self":[{"href":"https:\/\/dharmaraladventure.com\/en\/wp-json\/wp\/v2\/pages\/17701","targetHints":{"allow":["GET"]}}],"collection":[{"href":"https:\/\/dharmaraladventure.com\/en\/wp-json\/wp\/v2\/pages"}],"about":[{"href":"https:\/\/dharmaraladventure.com\/en\/wp-json\/wp\/v2\/types\/page"}],"author":[{"embeddable":true,"href":"https:\/\/dharmaraladventure.com\/en\/wp-json\/wp\/v2\/users\/3"}],"replies":[{"embeddable":true,"href":"https:\/\/dharmaraladventure.com\/en\/wp-json\/wp\/v2\/comments?post=17701"}],"version-history":[{"count":35,"href":"https:\/\/dharmaraladventure.com\/en\/wp-json\/wp\/v2\/pages\/17701\/revisions"}],"predecessor-version":[{"id":17755,"href":"https:\/\/dharmaraladventure.com\/en\/wp-json\/wp\/v2\/pages\/17701\/revisions\/17755"}],"wp:attachment":[{"href":"https:\/\/dharmaraladventure.com\/en\/wp-json\/wp\/v2\/media?parent=17701"}],"curies":[{"name":"wp","href":"https:\/\/api.w.org\/{rel}","templated":true}]}}