{"id":9,"date":"2015-07-16T16:00:39","date_gmt":"2015-07-16T16:00:39","guid":{"rendered":"http:\/\/adventure-tours.themedelight.com\/?page_id=9"},"modified":"2026-02-13T13:01:18","modified_gmt":"2026-02-13T13:01:18","slug":"kapcsolat","status":"publish","type":"page","link":"https:\/\/dharmaraladventure.com\/en\/kapcsolat\/","title":{"rendered":"Contact \/ Booking"},"content":{"rendered":"<div data-elementor-type=\"wp-page\" data-elementor-id=\"9\" class=\"elementor elementor-9\" data-elementor-post-type=\"page\">\n\t\t\t\t<div class=\"elementor-element elementor-element-84c0ca0 kerdesed-van elementor-cont rolunk e-flex e-con-boxed e-con e-parent\" data-id=\"84c0ca0\" data-element_type=\"container\" data-e-type=\"container\" data-settings=\"{&quot;background_background&quot;:&quot;classic&quot;,&quot;jet_parallax_layout_list&quot;:[]}\">\n\t\t\t\t\t<div class=\"e-con-inner\">\n\t\t<div class=\"elementor-element elementor-element-a699ce4 e-con-full e-flex e-con e-child\" data-id=\"a699ce4\" data-element_type=\"container\" data-e-type=\"container\" data-settings=\"{&quot;jet_parallax_layout_list&quot;:[]}\">\n\t\t\t\t<div class=\"elementor-element elementor-element-4626f7b focim elementor-widget elementor-widget-heading\" data-id=\"4626f7b\" data-element_type=\"widget\" data-e-type=\"widget\" data-widget_type=\"heading.default\">\n\t\t\t\t<div class=\"elementor-widget-container\">\n\t\t\t\t\t<h1 class=\"elementor-heading-title elementor-size-default\">L\u00e9pj kapcsolatba vel\u00fcnk!\u200b<\/h1>\t\t\t\t<\/div>\n\t\t\t\t<\/div>\n\t\t<div class=\"elementor-element elementor-element-1253486 e-con-full e-flex e-con e-child\" data-id=\"1253486\" data-element_type=\"container\" data-e-type=\"container\" data-settings=\"{&quot;jet_parallax_layout_list&quot;:[]}\">\n\t\t\t\t<div class=\"elementor-element elementor-element-112ea3e elementor-widget elementor-widget-text-editor\" data-id=\"112ea3e\" data-element_type=\"widget\" data-e-type=\"widget\" data-widget_type=\"text-editor.default\">\n\t\t\t\t<div class=\"elementor-widget-container\">\n\t\t\t\t\t\t\t\t\t<p>We are very happy to hear from you!<\/p><p>If you have any questions, please feel free to contact us at one of our contact numbers.<\/p>\t\t\t\t\t\t\t\t<\/div>\n\t\t\t\t<\/div>\n\t\t\t\t<div class=\"elementor-element elementor-element-e6bcf60 elementor-widget-divider--view-line elementor-widget elementor-widget-divider\" data-id=\"e6bcf60\" data-element_type=\"widget\" data-e-type=\"widget\" data-widget_type=\"divider.default\">\n\t\t\t\t<div class=\"elementor-widget-container\">\n\t\t\t\t\t\t\t<div class=\"elementor-divider\">\n\t\t\t<span class=\"elementor-divider-separator\">\n\t\t\t\t\t\t<\/span>\n\t\t<\/div>\n\t\t\t\t\t\t<\/div>\n\t\t\t\t<\/div>\n\t\t<div class=\"elementor-element elementor-element-c4ec692 e-con-full e-flex e-con e-child\" data-id=\"c4ec692\" data-element_type=\"container\" data-e-type=\"container\" data-settings=\"{&quot;jet_parallax_layout_list&quot;:[]}\">\n\t\t\t\t<div class=\"elementor-element elementor-element-6e0f106 elementor-icon-list--layout-traditional elementor-list-item-link-full_width elementor-widget elementor-widget-icon-list\" data-id=\"6e0f106\" data-element_type=\"widget\" data-e-type=\"widget\" data-widget_type=\"icon-list.default\">\n\t\t\t\t<div class=\"elementor-widget-container\">\n\t\t\t\t\t\t\t<ul class=\"elementor-icon-list-items\">\n\t\t\t\t\t\t\t<li class=\"elementor-icon-list-item\">\n\t\t\t\t\t\t\t\t\t\t\t<a href=\"tel:+36203727351\">\n\n\t\t\t\t\t\t\t\t\t\t\t\t<span class=\"elementor-icon-list-icon\">\n\t\t\t\t\t\t\t<i aria-hidden=\"true\" class=\"fas fa-phone\"><\/i>\t\t\t\t\t\t<\/span>\n\t\t\t\t\t\t\t\t\t\t<span class=\"elementor-icon-list-text\">+ 36 20 372 7351<\/span>\n\t\t\t\t\t\t\t\t\t\t\t<\/a>\n\t\t\t\t\t\t\t\t\t<\/li>\n\t\t\t\t\t\t\t\t<li class=\"elementor-icon-list-item\">\n\t\t\t\t\t\t\t\t\t\t\t<a href=\"http:\/\/dharmaraladventure@gmail.com\">\n\n\t\t\t\t\t\t\t\t\t\t\t\t<span class=\"elementor-icon-list-icon\">\n\t\t\t\t\t\t\t<i aria-hidden=\"true\" class=\"fas fa-envelope\"><\/i>\t\t\t\t\t\t<\/span>\n\t\t\t\t\t\t\t\t\t\t<span class=\"elementor-icon-list-text\">dharmaraladventure@gmail.com<\/span>\n\t\t\t\t\t\t\t\t\t\t\t<\/a>\n\t\t\t\t\t\t\t\t\t<\/li>\n\t\t\t\t\t\t\t\t<li class=\"elementor-icon-list-item\">\n\t\t\t\t\t\t\t\t\t\t\t<a href=\"https:\/\/www.facebook.com\/profile.php?id=100090983707291\">\n\n\t\t\t\t\t\t\t\t\t\t\t\t<span class=\"elementor-icon-list-icon\">\n\t\t\t\t\t\t\t<i aria-hidden=\"true\" class=\"fab fa-facebook-f\"><\/i>\t\t\t\t\t\t<\/span>\n\t\t\t\t\t\t\t\t\t\t<span class=\"elementor-icon-list-text\">Facebook<\/span>\n\t\t\t\t\t\t\t\t\t\t\t<\/a>\n\t\t\t\t\t\t\t\t\t<\/li>\n\t\t\t\t\t\t\t\t<li class=\"elementor-icon-list-item\">\n\t\t\t\t\t\t\t\t\t\t\t<a href=\"https:\/\/www.instagram.com\/dharmaraladventure\/\">\n\n\t\t\t\t\t\t\t\t\t\t\t\t<span class=\"elementor-icon-list-icon\">\n\t\t\t\t\t\t\t<i aria-hidden=\"true\" class=\"fab fa-instagram\"><\/i>\t\t\t\t\t\t<\/span>\n\t\t\t\t\t\t\t\t\t\t<span class=\"elementor-icon-list-text\">Instagram<\/span>\n\t\t\t\t\t\t\t\t\t\t\t<\/a>\n\t\t\t\t\t\t\t\t\t<\/li>\n\t\t\t\t\t\t\t\t<li class=\"elementor-icon-list-item\">\n\t\t\t\t\t\t\t\t\t\t\t<span class=\"elementor-icon-list-icon\">\n\t\t\t\t\t\t\t<i aria-hidden=\"true\" class=\"fas fa-map-marker-alt\"><\/i>\t\t\t\t\t\t<\/span>\n\t\t\t\t\t\t\t\t\t\t<span class=\"elementor-icon-list-text\">Budapest<\/span>\n\t\t\t\t\t\t\t\t\t<\/li>\n\t\t\t\t\t\t<\/ul>\n\t\t\t\t\t\t<\/div>\n\t\t\t\t<\/div>\n\t\t\t\t<div class=\"elementor-element elementor-element-f97629d elementor-widget-divider--view-line elementor-widget elementor-widget-divider\" data-id=\"f97629d\" data-element_type=\"widget\" data-e-type=\"widget\" data-widget_type=\"divider.default\">\n\t\t\t\t<div class=\"elementor-widget-container\">\n\t\t\t\t\t\t\t<div class=\"elementor-divider\">\n\t\t\t<span class=\"elementor-divider-separator\">\n\t\t\t\t\t\t<\/span>\n\t\t<\/div>\n\t\t\t\t\t\t<\/div>\n\t\t\t\t<\/div>\n\t\t\t\t<div class=\"elementor-element elementor-element-e15610f elementor-widget elementor-widget-button\" data-id=\"e15610f\" data-element_type=\"widget\" data-e-type=\"widget\" data-widget_type=\"button.default\">\n\t\t\t\t<div class=\"elementor-widget-container\">\n\t\t\t\t\t\t\t\t\t<div class=\"elementor-button-wrapper\">\n\t\t\t\t\t<a class=\"elementor-button elementor-button-link elementor-size-sm\" href=\"#elementor-action%3Aaction%3Dpopup%3Aopen%26settings%3DeyJpZCI6IjE2NTUwIiwidG9nZ2xlIjpmYWxzZX0%3D\" target=\"_blank\">\n\t\t\t\t\t\t<span class=\"elementor-button-content-wrapper\">\n\t\t\t\t\t\t\t\t\t<span class=\"elementor-button-text\">Sign up for one of the camps<\/span>\n\t\t\t\t\t<\/span>\n\t\t\t\t\t<\/a>\n\t\t\t\t<\/div>\n\t\t\t\t\t\t\t\t<\/div>\n\t\t\t\t<\/div>\n\t\t\t\t<div class=\"elementor-element elementor-element-4157a28 elementor-widget-divider--view-line elementor-widget elementor-widget-divider\" data-id=\"4157a28\" data-element_type=\"widget\" data-e-type=\"widget\" data-widget_type=\"divider.default\">\n\t\t\t\t<div class=\"elementor-widget-container\">\n\t\t\t\t\t\t\t<div class=\"elementor-divider\">\n\t\t\t<span class=\"elementor-divider-separator\">\n\t\t\t\t\t\t<\/span>\n\t\t<\/div>\n\t\t\t\t\t\t<\/div>\n\t\t\t\t<\/div>\n\t\t\t\t<div class=\"elementor-element elementor-element-11dc37a kapcs-email elementor-widget elementor-widget-html\" data-id=\"11dc37a\" data-element_type=\"widget\" data-e-type=\"widget\" data-widget_type=\"html.default\">\n\t\t\t\t<div class=\"elementor-widget-container\">\n\t\t\t\t\t<script>(function() {\n\twindow.mc4wp = window.mc4wp || {\n\t\tlisteners: [],\n\t\tforms: {\n\t\t\ton: function(evt, cb) {\n\t\t\t\twindow.mc4wp.listeners.push(\n\t\t\t\t\t{\n\t\t\t\t\t\tevent   : evt,\n\t\t\t\t\t\tcallback: cb\n\t\t\t\t\t}\n\t\t\t\t);\n\t\t\t}\n\t\t}\n\t}\n})();\n<\/script><!-- Mailchimp for WordPress v4.12.1 - https:\/\/wordpress.org\/plugins\/mailchimp-for-wp\/ --><form id=\"mc4wp-form-1\" class=\"mc4wp-form mc4wp-form-5656 mc4wp-form-theme mc4wp-form-theme-light\" method=\"post\" data-id=\"5656\" data-name=\"Subscriber form\" action=\"\" ><div class=\"mc4wp-form-fields\"><p>\r\n\t<label><span style=\"color:#FFFFFF\">Email: \r\n\t\t<input type=\"email\" name=\"EMAIL\" placeholder=\"Your email address\" required \/>\r\n<\/label>\r\n<\/p>\r\n\r\n<p>\r\n\t<input type=\"submit\" value=\"Subscribe at\" \/>\r\n<\/p><\/div><label style=\"display: none !important;\">Leave this field empty if you're human: <input type=\"text\" name=\"_mc4wp_honeypot\" value=\"\" tabindex=\"-1\" autocomplete=\"off\" \/><\/label><input type=\"hidden\" name=\"_mc4wp_timestamp\" value=\"1775777259\" \/><input type=\"hidden\" name=\"_mc4wp_form_id\" value=\"5656\" \/><input type=\"hidden\" name=\"_mc4wp_form_element_id\" value=\"mc4wp-form-1\" \/><div class=\"mc4wp-response\"><\/div><input type=\"hidden\" name=\"trp-form-language\" value=\"en\"\/><\/form><!-- \/ Mailchimp for WordPress Plugin -->\t\t\t\t<\/div>\n\t\t\t\t<\/div>\n\t\t\t\t<div class=\"elementor-element elementor-element-89f3a01 elementor-widget elementor-widget-text-editor\" data-id=\"89f3a01\" data-element_type=\"widget\" data-e-type=\"widget\" data-widget_type=\"text-editor.default\">\n\t\t\t\t<div class=\"elementor-widget-container\">\n\t\t\t\t\t\t\t\t\t<p data-elementor-setting-key=\"title\" data-pen-placeholder=\"Type Here...\"><strong>\u00c9rtes\u00fclj els\u0151k\u00e9nt a leg\u00fajabb Kalandokr\u00f3l\u200b<\/strong><\/p>\t\t\t\t\t\t\t\t<\/div>\n\t\t\t\t<\/div>\n\t\t\t\t<\/div>\n\t\t\t\t<\/div>\n\t\t\t\t<\/div>\n\t\t<div class=\"elementor-element elementor-element-44b0e6c e-con-full e-flex e-con e-child\" data-id=\"44b0e6c\" data-element_type=\"container\" data-e-type=\"container\" data-settings=\"{&quot;jet_parallax_layout_list&quot;:[]}\">\n\t\t\t\t<div class=\"elementor-element elementor-element-3d7a77a elementor-widget elementor-widget-image\" data-id=\"3d7a77a\" data-element_type=\"widget\" data-e-type=\"widget\" data-widget_type=\"image.default\">\n\t\t\t\t<div class=\"elementor-widget-container\">\n\t\t\t\t\t\t\t\t\t\t\t\t\t\t\t<img fetchpriority=\"high\" decoding=\"async\" width=\"683\" height=\"1024\" src=\"https:\/\/dharmaraladventure.com\/wp-content\/uploads\/2025\/05\/DSCF2807-683x1024.jpeg\" class=\"attachment-large size-large wp-image-11945\" alt=\"\" srcset=\"https:\/\/dharmaraladventure.com\/wp-content\/uploads\/2025\/05\/DSCF2807-683x1024.jpeg 683w, https:\/\/dharmaraladventure.com\/wp-content\/uploads\/2025\/05\/DSCF2807-200x300.jpeg 200w, https:\/\/dharmaraladventure.com\/wp-content\/uploads\/2025\/05\/DSCF2807-768x1152.jpeg 768w, https:\/\/dharmaraladventure.com\/wp-content\/uploads\/2025\/05\/DSCF2807-1024x1536.jpeg 1024w, https:\/\/dharmaraladventure.com\/wp-content\/uploads\/2025\/05\/DSCF2807-1365x2048.jpeg 1365w, https:\/\/dharmaraladventure.com\/wp-content\/uploads\/2025\/05\/DSCF2807-8x12.jpeg 8w, https:\/\/dharmaraladventure.com\/wp-content\/uploads\/2025\/05\/DSCF2807-scaled.jpeg 1707w\" sizes=\"(max-width: 683px) 100vw, 683px\" \/>\t\t\t\t\t\t\t\t\t\t\t\t\t\t\t<\/div>\n\t\t\t\t<\/div>\n\t\t\t\t<\/div>\n\t\t\t\t\t<\/div>\n\t\t\t\t<\/div>\n\t\t\t\t<\/div>","protected":false},"excerpt":{"rendered":"<p>L\u00e9pj kapcsolatba vel\u00fcnk!\u200b Nagyon \u00f6r\u00fcl\u00fcnk a kapcsolatfelv\u00e9telnek! Ha k\u00e9rd\u00e9sed van, keress minket bizalommal el\u00e9rhet\u0151s\u00e9geink egyik\u00e9n. + 36 20 372 7351 dharmaraladventure@gmail.com Facebook Instagram Budapest Jelentkezem valamelyik t\u00e1borra \u00c9rtes\u00fclj els\u0151k\u00e9nt a [&hellip;]<\/p>\n","protected":false},"author":2,"featured_media":0,"parent":0,"menu_order":0,"comment_status":"closed","ping_status":"open","template":"","meta":{"footnotes":""},"class_list":["post-9","page","type-page","status-publish","hentry"],"yoast_head":"<!-- This site is optimized with the Yoast SEO plugin v27.3 - https:\/\/yoast.com\/product\/yoast-seo-wordpress\/ -->\n<title>Kapcsolat | Dharmaral Adventure El\u00e9rhet\u0151s\u00e9gek<\/title>\n<meta name=\"description\" content=\"L\u00e9pj kapcsolatba vel\u00fcnk! K\u00e9rd\u00e9sed van kalandt\u00far\u00e1inkkal kapcsolatban? H\u00edvj, \u00edrj vagy jelentkezz t\u00e1borainkra. V\u00e1rjuk megkeres\u00e9sedet Budapesten!\" \/>\n<meta name=\"robots\" content=\"index, follow, max-snippet:-1, max-image-preview:large, max-video-preview:-1\" \/>\n<link rel=\"canonical\" href=\"https:\/\/dharmaraladventure.com\/en\/kapcsolat\/\" \/>\n<meta property=\"og:locale\" content=\"en_US\" \/>\n<meta property=\"og:type\" content=\"article\" \/>\n<meta property=\"og:title\" content=\"Kapcsolat | Dharmaral Adventure El\u00e9rhet\u0151s\u00e9gek\" \/>\n<meta property=\"og:description\" content=\"L\u00e9pj kapcsolatba vel\u00fcnk! K\u00e9rd\u00e9sed van kalandt\u00far\u00e1inkkal kapcsolatban? H\u00edvj, \u00edrj vagy jelentkezz t\u00e1borainkra. V\u00e1rjuk megkeres\u00e9sedet Budapesten!\" \/>\n<meta property=\"og:url\" content=\"https:\/\/dharmaraladventure.com\/en\/kapcsolat\/\" \/>\n<meta property=\"og:site_name\" content=\"Dharmaral Adventure\" \/>\n<meta property=\"article:modified_time\" content=\"2026-02-13T13:01:18+00:00\" \/>\n<meta property=\"og:image\" content=\"https:\/\/dharmaraladventure.com\/wp-content\/uploads\/2025\/05\/DSCF2807-scaled.jpeg\" \/>\n\t<meta property=\"og:image:width\" content=\"1707\" \/>\n\t<meta property=\"og:image:height\" content=\"2560\" \/>\n\t<meta property=\"og:image:type\" content=\"image\/jpeg\" \/>\n<meta name=\"twitter:card\" content=\"summary_large_image\" \/>\n<meta name=\"twitter:label1\" content=\"Est. reading time\" \/>\n\t<meta name=\"twitter:data1\" content=\"1 minute\" \/>\n<script type=\"application\/ld+json\" class=\"yoast-schema-graph\">{\"@context\":\"https:\\\/\\\/schema.org\",\"@graph\":[{\"@type\":\"WebPage\",\"@id\":\"https:\\\/\\\/dharmaraladventure.com\\\/kapcsolat\\\/\",\"url\":\"https:\\\/\\\/dharmaraladventure.com\\\/kapcsolat\\\/\",\"name\":\"Kapcsolat | Dharmaral Adventure El\u00e9rhet\u0151s\u00e9gek\",\"isPartOf\":{\"@id\":\"https:\\\/\\\/dharmaraladventure.com\\\/#website\"},\"primaryImageOfPage\":{\"@id\":\"https:\\\/\\\/dharmaraladventure.com\\\/kapcsolat\\\/#primaryimage\"},\"image\":{\"@id\":\"https:\\\/\\\/dharmaraladventure.com\\\/kapcsolat\\\/#primaryimage\"},\"thumbnailUrl\":\"https:\\\/\\\/dharmaraladventure.com\\\/wp-content\\\/uploads\\\/2025\\\/05\\\/DSCF2807-683x1024.jpeg\",\"datePublished\":\"2015-07-16T16:00:39+00:00\",\"dateModified\":\"2026-02-13T13:01:18+00:00\",\"description\":\"L\u00e9pj kapcsolatba vel\u00fcnk! K\u00e9rd\u00e9sed van kalandt\u00far\u00e1inkkal kapcsolatban? H\u00edvj, \u00edrj vagy jelentkezz t\u00e1borainkra. V\u00e1rjuk megkeres\u00e9sedet Budapesten!\",\"breadcrumb\":{\"@id\":\"https:\\\/\\\/dharmaraladventure.com\\\/kapcsolat\\\/#breadcrumb\"},\"inLanguage\":\"en-US\",\"potentialAction\":[{\"@type\":\"ReadAction\",\"target\":[\"https:\\\/\\\/dharmaraladventure.com\\\/kapcsolat\\\/\"]}]},{\"@type\":\"ImageObject\",\"inLanguage\":\"en-US\",\"@id\":\"https:\\\/\\\/dharmaraladventure.com\\\/kapcsolat\\\/#primaryimage\",\"url\":\"https:\\\/\\\/dharmaraladventure.com\\\/wp-content\\\/uploads\\\/2025\\\/05\\\/DSCF2807-683x1024.jpeg\",\"contentUrl\":\"https:\\\/\\\/dharmaraladventure.com\\\/wp-content\\\/uploads\\\/2025\\\/05\\\/DSCF2807-683x1024.jpeg\"},{\"@type\":\"BreadcrumbList\",\"@id\":\"https:\\\/\\\/dharmaraladventure.com\\\/kapcsolat\\\/#breadcrumb\",\"itemListElement\":[{\"@type\":\"ListItem\",\"position\":1,\"name\":\"Kezd\u0151lap\",\"item\":\"https:\\\/\\\/dharmaraladventure.com\\\/\"},{\"@type\":\"ListItem\",\"position\":2,\"name\":\"Kapcsolat \\\/ foglal\u00e1s\"}]},{\"@type\":\"WebSite\",\"@id\":\"https:\\\/\\\/dharmaraladventure.com\\\/#website\",\"url\":\"https:\\\/\\\/dharmaraladventure.com\\\/\",\"name\":\"Dharmaral Adventure\",\"description\":\"Dharmaral  Adventure\",\"potentialAction\":[{\"@type\":\"SearchAction\",\"target\":{\"@type\":\"EntryPoint\",\"urlTemplate\":\"https:\\\/\\\/dharmaraladventure.com\\\/?s={search_term_string}\"},\"query-input\":{\"@type\":\"PropertyValueSpecification\",\"valueRequired\":true,\"valueName\":\"search_term_string\"}}],\"inLanguage\":\"en-US\"}]}<\/script>\n<!-- \/ Yoast SEO plugin. -->","yoast_head_json":{"title":"Kapcsolat | Dharmaral Adventure El\u00e9rhet\u0151s\u00e9gek","description":"L\u00e9pj kapcsolatba vel\u00fcnk! K\u00e9rd\u00e9sed van kalandt\u00far\u00e1inkkal kapcsolatban? H\u00edvj, \u00edrj vagy jelentkezz t\u00e1borainkra. V\u00e1rjuk megkeres\u00e9sedet Budapesten!","robots":{"index":"index","follow":"follow","max-snippet":"max-snippet:-1","max-image-preview":"max-image-preview:large","max-video-preview":"max-video-preview:-1"},"canonical":"https:\/\/dharmaraladventure.com\/en\/kapcsolat\/","og_locale":"en_US","og_type":"article","og_title":"Kapcsolat | Dharmaral Adventure El\u00e9rhet\u0151s\u00e9gek","og_description":"L\u00e9pj kapcsolatba vel\u00fcnk! K\u00e9rd\u00e9sed van kalandt\u00far\u00e1inkkal kapcsolatban? H\u00edvj, \u00edrj vagy jelentkezz t\u00e1borainkra. V\u00e1rjuk megkeres\u00e9sedet Budapesten!","og_url":"https:\/\/dharmaraladventure.com\/en\/kapcsolat\/","og_site_name":"Dharmaral Adventure","article_modified_time":"2026-02-13T13:01:18+00:00","og_image":[{"width":1707,"height":2560,"url":"https:\/\/dharmaraladventure.com\/wp-content\/uploads\/2025\/05\/DSCF2807-scaled.jpeg","type":"image\/jpeg"}],"twitter_card":"summary_large_image","twitter_misc":{"Est. reading time":"1 minute"},"schema":{"@context":"https:\/\/schema.org","@graph":[{"@type":"WebPage","@id":"https:\/\/dharmaraladventure.com\/kapcsolat\/","url":"https:\/\/dharmaraladventure.com\/kapcsolat\/","name":"Kapcsolat | Dharmaral Adventure El\u00e9rhet\u0151s\u00e9gek","isPartOf":{"@id":"https:\/\/dharmaraladventure.com\/#website"},"primaryImageOfPage":{"@id":"https:\/\/dharmaraladventure.com\/kapcsolat\/#primaryimage"},"image":{"@id":"https:\/\/dharmaraladventure.com\/kapcsolat\/#primaryimage"},"thumbnailUrl":"https:\/\/dharmaraladventure.com\/wp-content\/uploads\/2025\/05\/DSCF2807-683x1024.jpeg","datePublished":"2015-07-16T16:00:39+00:00","dateModified":"2026-02-13T13:01:18+00:00","description":"L\u00e9pj kapcsolatba vel\u00fcnk! K\u00e9rd\u00e9sed van kalandt\u00far\u00e1inkkal kapcsolatban? H\u00edvj, \u00edrj vagy jelentkezz t\u00e1borainkra. V\u00e1rjuk megkeres\u00e9sedet Budapesten!","breadcrumb":{"@id":"https:\/\/dharmaraladventure.com\/kapcsolat\/#breadcrumb"},"inLanguage":"en-US","potentialAction":[{"@type":"ReadAction","target":["https:\/\/dharmaraladventure.com\/kapcsolat\/"]}]},{"@type":"ImageObject","inLanguage":"en-US","@id":"https:\/\/dharmaraladventure.com\/kapcsolat\/#primaryimage","url":"https:\/\/dharmaraladventure.com\/wp-content\/uploads\/2025\/05\/DSCF2807-683x1024.jpeg","contentUrl":"https:\/\/dharmaraladventure.com\/wp-content\/uploads\/2025\/05\/DSCF2807-683x1024.jpeg"},{"@type":"BreadcrumbList","@id":"https:\/\/dharmaraladventure.com\/kapcsolat\/#breadcrumb","itemListElement":[{"@type":"ListItem","position":1,"name":"Kezd\u0151lap","item":"https:\/\/dharmaraladventure.com\/"},{"@type":"ListItem","position":2,"name":"Kapcsolat \/ foglal\u00e1s"}]},{"@type":"WebSite","@id":"https:\/\/dharmaraladventure.com\/#website","url":"https:\/\/dharmaraladventure.com\/","name":"Dharmaral Adventure","description":"Dharmaral Adventure","potentialAction":[{"@type":"SearchAction","target":{"@type":"EntryPoint","urlTemplate":"https:\/\/dharmaraladventure.com\/?s={search_term_string}"},"query-input":{"@type":"PropertyValueSpecification","valueRequired":true,"valueName":"search_term_string"}}],"inLanguage":"en-US"}]}},"_links":{"self":[{"href":"https:\/\/dharmaraladventure.com\/en\/wp-json\/wp\/v2\/pages\/9","targetHints":{"allow":["GET"]}}],"collection":[{"href":"https:\/\/dharmaraladventure.com\/en\/wp-json\/wp\/v2\/pages"}],"about":[{"href":"https:\/\/dharmaraladventure.com\/en\/wp-json\/wp\/v2\/types\/page"}],"author":[{"embeddable":true,"href":"https:\/\/dharmaraladventure.com\/en\/wp-json\/wp\/v2\/users\/2"}],"replies":[{"embeddable":true,"href":"https:\/\/dharmaraladventure.com\/en\/wp-json\/wp\/v2\/comments?post=9"}],"version-history":[{"count":9,"href":"https:\/\/dharmaraladventure.com\/en\/wp-json\/wp\/v2\/pages\/9\/revisions"}],"predecessor-version":[{"id":16605,"href":"https:\/\/dharmaraladventure.com\/en\/wp-json\/wp\/v2\/pages\/9\/revisions\/16605"}],"wp:attachment":[{"href":"https:\/\/dharmaraladventure.com\/en\/wp-json\/wp\/v2\/media?parent=9"}],"curies":[{"name":"wp","href":"https:\/\/api.w.org\/{rel}","templated":true}]}}